{"id":2,"date":"2020-05-04T17:14:16","date_gmt":"2020-05-04T15:14:16","guid":{"rendered":"http:\/\/cahier-vert.mines-paristech.fr\/?page_id=2"},"modified":"2025-07-15T19:40:51","modified_gmt":"2025-07-15T17:40:51","slug":"page-d-exemple","status":"publish","type":"page","link":"https:\/\/cahier-vert.mines-paristech.fr\/","title":{"rendered":"L&rsquo;association Cahier Vert"},"content":{"rendered":"\n<p><\/p>\n\n\n\n<figure class=\"wp-block-image size-full\"><img loading=\"lazy\" decoding=\"async\" width=\"1024\" height=\"768\" src=\"https:\/\/cahier-vert.mines-paristech.fr\/wp-content\/uploads\/2025\/07\/image-cahier-vert.jpg\" alt=\"\" class=\"wp-image-228\" srcset=\"https:\/\/cahier-vert.mines-paristech.fr\/wp-content\/uploads\/2025\/07\/image-cahier-vert.jpg 1024w, https:\/\/cahier-vert.mines-paristech.fr\/wp-content\/uploads\/2025\/07\/image-cahier-vert-300x225.jpg 300w, https:\/\/cahier-vert.mines-paristech.fr\/wp-content\/uploads\/2025\/07\/image-cahier-vert-768x576.jpg 768w\" sizes=\"(max-width: 1024px) 100vw, 1024px\" \/><\/figure>\n\n\n\n<p>Cahier Vert est une association loi 1901 cr\u00e9\u00e9e par des \u00e9l\u00e8ves de MINES Paris \u2014 PSL en 2003. Elle a pour vocation de regrouper toutes les activit\u00e9s dites d&rsquo;\u00e9galit\u00e9 des chances au sein de l&rsquo;\u00e9cole.<\/p>\n\n\n\n<p>Tous les ans, nous allons \u00e0 la rencontre d&rsquo;environ 700 personnes, dont 500 coll\u00e9giens, 150 lyc\u00e9ens et 50 \u00e9l\u00e8ves de classes pr\u00e9paratoires qui participent \u00e0 nos diff\u00e9rents programmes que sont le tutorat pr\u00e9pa, le tutorat lyc\u00e9e, le soutien scolaire et M\u00e9lia.<\/p>\n\n\n\n<p>Ces activit\u00e9s sont organis\u00e9es par une \u00e9quipe de 27 \u00e9tudiants de deuxi\u00e8me ann\u00e9e, et font intervenir une cinquantaine d&rsquo;\u00e9tudiants des Mines tous les ans<\/p>\n\n\n\n<p>Bienvenue \u00e0 vous et bonne navigation !<\/p>\n","protected":false},"excerpt":{"rendered":"<p>Cahier Vert est une association loi 1901 cr\u00e9\u00e9e par des \u00e9l\u00e8ves de MINES Paris \u2014 PSL en 2003. Elle a pour vocation de regrouper toutes les activit\u00e9s dites d&rsquo;\u00e9galit\u00e9 des chances au sein de l&rsquo;\u00e9cole. Tous les ans, nous allons \u00e0 la rencontre d&rsquo;environ 700 personnes, dont 500 coll\u00e9giens, 150 lyc\u00e9ens et 50 \u00e9l\u00e8ves de [&hellip;]<\/p>\n","protected":false},"author":4,"featured_media":0,"parent":0,"menu_order":0,"comment_status":"closed","ping_status":"open","template":"","meta":{"footnotes":""},"_links":{"self":[{"href":"https:\/\/cahier-vert.mines-paristech.fr\/index.php\/wp-json\/wp\/v2\/pages\/2"}],"collection":[{"href":"https:\/\/cahier-vert.mines-paristech.fr\/index.php\/wp-json\/wp\/v2\/pages"}],"about":[{"href":"https:\/\/cahier-vert.mines-paristech.fr\/index.php\/wp-json\/wp\/v2\/types\/page"}],"author":[{"embeddable":true,"href":"https:\/\/cahier-vert.mines-paristech.fr\/index.php\/wp-json\/wp\/v2\/users\/4"}],"replies":[{"embeddable":true,"href":"https:\/\/cahier-vert.mines-paristech.fr\/index.php\/wp-json\/wp\/v2\/comments?post=2"}],"version-history":[{"count":46,"href":"https:\/\/cahier-vert.mines-paristech.fr\/index.php\/wp-json\/wp\/v2\/pages\/2\/revisions"}],"predecessor-version":[{"id":229,"href":"https:\/\/cahier-vert.mines-paristech.fr\/index.php\/wp-json\/wp\/v2\/pages\/2\/revisions\/229"}],"wp:attachment":[{"href":"https:\/\/cahier-vert.mines-paristech.fr\/index.php\/wp-json\/wp\/v2\/media?parent=2"}],"curies":[{"name":"wp","href":"https:\/\/api.w.org\/{rel}","templated":true}]}}